{"id":6,"date":"2014-06-13T10:35:27","date_gmt":"2014-06-13T10:35:27","guid":{"rendered":"http:\/\/blogcentralpinturas.es\/?page_id=6"},"modified":"2014-06-23T10:44:16","modified_gmt":"2014-06-23T10:44:16","slug":"quienes-somos","status":"publish","type":"page","link":"https:\/\/centralpinturas.es\/blog\/quienes-somos\/","title":{"rendered":"QUI\u00c9NES SOMOS"},"content":{"rendered":"<div id=\"contenedor_cuerpo\" style=\"color: #000000;\">\n<div id=\"column_right\">\n<div id=\"contenedor_ofertas\" style=\"text-align: justify;\">\n<p class=\"empresa\" style=\"color: #999999; text-align: justify;\"><span style=\"color: #333333;\"><span class=\"subtitulo_parrafo\" style=\"font-weight: bold;\">CENTRAL DE PINTURAS<\/span>\u00a0<span class=\"idea\">es una s\u00f3lida empresa de Cantabria con cuarenta a\u00f1os de actividad en el sector de la pintura<\/span>\u00a0y que durante ese tiempo se ha ido adaptando a los cambios tecnol\u00f3gicos del sector, consolidando sus cinco puntos de venta en nuestra regi\u00f3n- Dos en Torrelavega, en\u00a0C\/ Pablo Garnica, 5 \u00a0y C\/ Joaqu\u00edn Cay\u00f3n, 35.\u00a0En Colindres en la calle La Magdalena, 31 y un Centro de Distribuci\u00f3n y Venta, En Santa Cruz de Bezana.<\/span><\/p>\n<p class=\"empresa\" style=\"color: #999999; text-align: justify;\"><span style=\"color: #333333;\"><span class=\"idea\">El sector de la pintura, al igual que otros, ha experimentado de un tiempo a esta parte una gran evoluci\u00f3n tecnol\u00f3gica,<\/span>\u00a0tanto en los productos como en los \u00fatiles y m\u00e9todos de aplicaci\u00f3n. Se ha pasado de una reducida carta de color con escasas tonalidades, a l os actuales sistemas tintom\u00e9tricos que posibilitan la obtenci\u00f3n de infinidad de colores pr\u00e1cticamente al instante. Se ha pasado del \u00bb color a la carta \u00bb al 2 color al gusto \u00ab. Esta evoluci\u00f3n la ha tenido siempre presente Central de Pinturas, manteni\u00e9ndose a la vanguardia de la tecnolog\u00eda en todo momento, actualizando constantemente tanto equipos, como instalaciones y personal. Su gran equipo humano, pilar b\u00e1sico en nuestra Empresa, esta formado por especialistas con probada profesionalidad, que ofrecen al cliente el trato y servicio que este demanda, asesorando sobre los distintos productos, sus aplicaciones y cualidades.<\/span><\/p>\n<p class=\"empresa\" style=\"color: #999999; text-align: justify;\"><span style=\"color: #333333;\"><span class=\"subtitulo_parrafo\" style=\"font-weight: bold;\">CENTRAL DE PINTURAS<\/span>\u00a0<span class=\"idea\">apuesta tambi\u00e9n por la calidad, comercializando y distribuyendo \u00fanicamente las m\u00e1s prestigiosas marcas del mercado, para todos los usos, desde los dom\u00e9sticos hasta los industriales.<\/span><\/span><\/p>\n<p class=\"empresa\" style=\"color: #999999;\"><span style=\"color: #333333;\"><span class=\"idea\">Con una larga trayectoria en el negocio, este a\u00f1o cumple el 40 de actividad en Cantabria, Central de Pinturas<\/span>\u00a0ha sabido ganarse d\u00eda a d\u00eda un lugar destacado en el sector, siendo referencia del mismo con eficacia y formalidad que son su norma desde siempre, y que avalan el s\u00f3lido prestigio de esta Empresa, seria y solvente.<\/span><\/p>\n<p class=\"empresa\" style=\"color: #999999;\"><span style=\"color: #4a4a4a;\">Para mayor informaci\u00f3n, puede consultar nuestra web pinchando\u00a0<\/span><a href=\"http:\/\/centralpinturas.com\/\" target=\"_blank\">aqu\u00ed<span style=\"color: #4a4a4a;\">.<\/span><\/a><\/p>\n<\/div>\n<\/div>\n<\/div>\n<p>&nbsp;<\/p>\n<div id=\"pie\" style=\"color: #000000;\"><\/div>\n","protected":false},"excerpt":{"rendered":"<p>CENTRAL DE PINTURAS\u00a0es una s\u00f3lida empresa de Cantabria con cuarenta a\u00f1os de actividad en el sector de la pintura\u00a0y que durante ese tiempo se ha ido adaptando a los cambios tecnol\u00f3gicos del sector, consolidando sus cinco puntos de venta en nuestra regi\u00f3n- Dos en Torrelavega, en\u00a0C\/ Pablo Garnica, 5 \u00a0y C\/ Joaqu\u00edn Cay\u00f3n, 35.\u00a0En Colindres [&hellip;]<\/p>\n","protected":false},"author":1,"featured_media":0,"parent":0,"menu_order":1,"comment_status":"open","ping_status":"open","template":"page-full-width-slider.php","meta":{"footnotes":""},"class_list":["post-6","page","type-page","status-publish","hentry"],"yoast_head":"<!-- This site is optimized with the Yoast SEO plugin v21.4 - https:\/\/yoast.com\/wordpress\/plugins\/seo\/ -->\n<title>QUI\u00c9NES SOMOS - Central de Pinturas<\/title>\n<meta name=\"robots\" content=\"index, follow, max-snippet:-1, max-image-preview:large, max-video-preview:-1\" \/>\n<link rel=\"canonical\" href=\"https:\/\/centralpinturas.es\/blog\/quienes-somos\/\" \/>\n<meta property=\"og:locale\" content=\"es_ES\" \/>\n<meta property=\"og:type\" content=\"article\" \/>\n<meta property=\"og:title\" content=\"QUI\u00c9NES SOMOS - Central de Pinturas\" \/>\n<meta property=\"og:description\" content=\"CENTRAL DE PINTURAS\u00a0es una s\u00f3lida empresa de Cantabria con cuarenta a\u00f1os de actividad en el sector de la pintura\u00a0y que durante ese tiempo se ha ido adaptando a los cambios tecnol\u00f3gicos del sector, consolidando sus cinco puntos de venta en nuestra regi\u00f3n- Dos en Torrelavega, en\u00a0C\/ Pablo Garnica, 5 \u00a0y C\/ Joaqu\u00edn Cay\u00f3n, 35.\u00a0En Colindres [&hellip;]\" \/>\n<meta property=\"og:url\" content=\"https:\/\/centralpinturas.es\/blog\/quienes-somos\/\" \/>\n<meta property=\"og:site_name\" content=\"Central de Pinturas\" \/>\n<meta property=\"article:modified_time\" content=\"2014-06-23T10:44:16+00:00\" \/>\n<meta name=\"twitter:label1\" content=\"Tiempo de lectura\" \/>\n\t<meta name=\"twitter:data1\" content=\"2 minutos\" \/>\n<script type=\"application\/ld+json\" class=\"yoast-schema-graph\">{\"@context\":\"https:\/\/schema.org\",\"@graph\":[{\"@type\":\"WebPage\",\"@id\":\"https:\/\/centralpinturas.es\/blog\/quienes-somos\/\",\"url\":\"https:\/\/centralpinturas.es\/blog\/quienes-somos\/\",\"name\":\"QUI\u00c9NES SOMOS - Central de Pinturas\",\"isPartOf\":{\"@id\":\"https:\/\/centralpinturas.es\/blog\/#website\"},\"datePublished\":\"2014-06-13T10:35:27+00:00\",\"dateModified\":\"2014-06-23T10:44:16+00:00\",\"breadcrumb\":{\"@id\":\"https:\/\/centralpinturas.es\/blog\/quienes-somos\/#breadcrumb\"},\"inLanguage\":\"es\",\"potentialAction\":[{\"@type\":\"ReadAction\",\"target\":[\"https:\/\/centralpinturas.es\/blog\/quienes-somos\/\"]}]},{\"@type\":\"BreadcrumbList\",\"@id\":\"https:\/\/centralpinturas.es\/blog\/quienes-somos\/#breadcrumb\",\"itemListElement\":[{\"@type\":\"ListItem\",\"position\":1,\"name\":\"Home\",\"item\":\"https:\/\/centralpinturas.es\/blog\/\"},{\"@type\":\"ListItem\",\"position\":2,\"name\":\"QUI\u00c9NES SOMOS\"}]},{\"@type\":\"WebSite\",\"@id\":\"https:\/\/centralpinturas.es\/blog\/#website\",\"url\":\"https:\/\/centralpinturas.es\/blog\/\",\"name\":\"Central de Pinturas\",\"description\":\"M\u00e1s de 40 a\u00f1os\",\"publisher\":{\"@id\":\"https:\/\/centralpinturas.es\/blog\/#organization\"},\"potentialAction\":[{\"@type\":\"SearchAction\",\"target\":{\"@type\":\"EntryPoint\",\"urlTemplate\":\"https:\/\/centralpinturas.es\/blog\/?s={search_term_string}\"},\"query-input\":\"required name=search_term_string\"}],\"inLanguage\":\"es\"},{\"@type\":\"Organization\",\"@id\":\"https:\/\/centralpinturas.es\/blog\/#organization\",\"name\":\"Central de Pinturas\",\"url\":\"https:\/\/centralpinturas.es\/blog\/\",\"logo\":{\"@type\":\"ImageObject\",\"inLanguage\":\"es\",\"@id\":\"https:\/\/centralpinturas.es\/blog\/#\/schema\/logo\/image\/\",\"url\":\"https:\/\/centralpinturas.es\/blog\/wp-content\/uploads\/2023\/10\/cropped-LOGOBLOG-1-1.png\",\"contentUrl\":\"https:\/\/centralpinturas.es\/blog\/wp-content\/uploads\/2023\/10\/cropped-LOGOBLOG-1-1.png\",\"width\":250,\"height\":100,\"caption\":\"Central de Pinturas\"},\"image\":{\"@id\":\"https:\/\/centralpinturas.es\/blog\/#\/schema\/logo\/image\/\"}}]}<\/script>\n<!-- \/ Yoast SEO plugin. -->","yoast_head_json":{"title":"QUI\u00c9NES SOMOS - Central de Pinturas","robots":{"index":"index","follow":"follow","max-snippet":"max-snippet:-1","max-image-preview":"max-image-preview:large","max-video-preview":"max-video-preview:-1"},"canonical":"https:\/\/centralpinturas.es\/blog\/quienes-somos\/","og_locale":"es_ES","og_type":"article","og_title":"QUI\u00c9NES SOMOS - Central de Pinturas","og_description":"CENTRAL DE PINTURAS\u00a0es una s\u00f3lida empresa de Cantabria con cuarenta a\u00f1os de actividad en el sector de la pintura\u00a0y que durante ese tiempo se ha ido adaptando a los cambios tecnol\u00f3gicos del sector, consolidando sus cinco puntos de venta en nuestra regi\u00f3n- Dos en Torrelavega, en\u00a0C\/ Pablo Garnica, 5 \u00a0y C\/ Joaqu\u00edn Cay\u00f3n, 35.\u00a0En Colindres [&hellip;]","og_url":"https:\/\/centralpinturas.es\/blog\/quienes-somos\/","og_site_name":"Central de Pinturas","article_modified_time":"2014-06-23T10:44:16+00:00","twitter_misc":{"Tiempo de lectura":"2 minutos"},"schema":{"@context":"https:\/\/schema.org","@graph":[{"@type":"WebPage","@id":"https:\/\/centralpinturas.es\/blog\/quienes-somos\/","url":"https:\/\/centralpinturas.es\/blog\/quienes-somos\/","name":"QUI\u00c9NES SOMOS - Central de Pinturas","isPartOf":{"@id":"https:\/\/centralpinturas.es\/blog\/#website"},"datePublished":"2014-06-13T10:35:27+00:00","dateModified":"2014-06-23T10:44:16+00:00","breadcrumb":{"@id":"https:\/\/centralpinturas.es\/blog\/quienes-somos\/#breadcrumb"},"inLanguage":"es","potentialAction":[{"@type":"ReadAction","target":["https:\/\/centralpinturas.es\/blog\/quienes-somos\/"]}]},{"@type":"BreadcrumbList","@id":"https:\/\/centralpinturas.es\/blog\/quienes-somos\/#breadcrumb","itemListElement":[{"@type":"ListItem","position":1,"name":"Home","item":"https:\/\/centralpinturas.es\/blog\/"},{"@type":"ListItem","position":2,"name":"QUI\u00c9NES SOMOS"}]},{"@type":"WebSite","@id":"https:\/\/centralpinturas.es\/blog\/#website","url":"https:\/\/centralpinturas.es\/blog\/","name":"Central de Pinturas","description":"M\u00e1s de 40 a\u00f1os","publisher":{"@id":"https:\/\/centralpinturas.es\/blog\/#organization"},"potentialAction":[{"@type":"SearchAction","target":{"@type":"EntryPoint","urlTemplate":"https:\/\/centralpinturas.es\/blog\/?s={search_term_string}"},"query-input":"required name=search_term_string"}],"inLanguage":"es"},{"@type":"Organization","@id":"https:\/\/centralpinturas.es\/blog\/#organization","name":"Central de Pinturas","url":"https:\/\/centralpinturas.es\/blog\/","logo":{"@type":"ImageObject","inLanguage":"es","@id":"https:\/\/centralpinturas.es\/blog\/#\/schema\/logo\/image\/","url":"https:\/\/centralpinturas.es\/blog\/wp-content\/uploads\/2023\/10\/cropped-LOGOBLOG-1-1.png","contentUrl":"https:\/\/centralpinturas.es\/blog\/wp-content\/uploads\/2023\/10\/cropped-LOGOBLOG-1-1.png","width":250,"height":100,"caption":"Central de Pinturas"},"image":{"@id":"https:\/\/centralpinturas.es\/blog\/#\/schema\/logo\/image\/"}}]}},"_links":{"self":[{"href":"https:\/\/centralpinturas.es\/blog\/wp-json\/wp\/v2\/pages\/6","targetHints":{"allow":["GET"]}}],"collection":[{"href":"https:\/\/centralpinturas.es\/blog\/wp-json\/wp\/v2\/pages"}],"about":[{"href":"https:\/\/centralpinturas.es\/blog\/wp-json\/wp\/v2\/types\/page"}],"author":[{"embeddable":true,"href":"https:\/\/centralpinturas.es\/blog\/wp-json\/wp\/v2\/users\/1"}],"replies":[{"embeddable":true,"href":"https:\/\/centralpinturas.es\/blog\/wp-json\/wp\/v2\/comments?post=6"}],"version-history":[{"count":4,"href":"https:\/\/centralpinturas.es\/blog\/wp-json\/wp\/v2\/pages\/6\/revisions"}],"predecessor-version":[{"id":35,"href":"https:\/\/centralpinturas.es\/blog\/wp-json\/wp\/v2\/pages\/6\/revisions\/35"}],"wp:attachment":[{"href":"https:\/\/centralpinturas.es\/blog\/wp-json\/wp\/v2\/media?parent=6"}],"curies":[{"name":"wp","href":"https:\/\/api.w.org\/{rel}","templated":true}]}}